{"id":146,"date":"2015-12-02T23:33:21","date_gmt":"2015-12-02T21:33:21","guid":{"rendered":"http:\/\/kris.trendgardens.ee\/?page_id=146"},"modified":"2023-11-08T23:02:39","modified_gmt":"2023-11-08T21:02:39","slug":"kontakt","status":"publish","type":"page","link":"https:\/\/trendgardens.ee\/?page_id=146","title":{"rendered":"Kontakt"},"content":{"rendered":"<p>Sun Timber O\u00dc<br \/>\nKooli 7, Rummu, 76102 <a title=\"L\u00e4\u00e4ne-Harju vald\" href=\"https:\/\/et.wikipedia.org\/wiki\/L%C3%A4%C3%A4ne-Harju_vald\">L\u00e4\u00e4ne-Harju vald<\/a><\/p>\n<p>Reg nr 10482784<br \/>\nKMKR nr: EE 100373190<\/p>\n<p>info(at)trendgardens.ee<\/p>\n<p><b>Raivo Korp <\/b><br \/>\nTegevjuht<br \/>\nmob + 372 501 9995<br \/>\ne-mail: <a href=\"mailto:raivo.korp@trendgardens.ee\">raivo.korp (at) trendgardens.ee<\/a><\/p>\n<p><b>Peeter Saluste <\/b><br \/>\nTootmisjuht<br \/>\ntel +372 51 55071<br \/>\ne-mail: <a href=\"mailto:peeter.saluste@trendgardens.ee\">peeter.saluste (at)trendgardens.ee<\/a><\/p>\n<p><b>Triin\u00a0J\u00fcrisoo\u00a0<\/b><br \/>\nRaamatupidamine, e-poe m\u00fc\u00fck<br \/>\ntel +372 527 2025<br \/>\ne-mail: <a href=\"mailto:triin.jyrisoo@trendgardens.ee\">triin.jyrisoo ( at) trendgardens.ee<\/a><\/p>\n<p>Arveldusarved:<br \/>\nEE 142200 221011897722 -Swedbank<br \/>\nEE 937700 771001260945- LHV Pank<\/p>\n","protected":false},"excerpt":{"rendered":"<p>Sun Timber O\u00dc Kooli 7, Rummu, 76102 L\u00e4\u00e4ne-Harju vald Reg nr 10482784 KMKR nr: EE 100373190 info(at)trendgardens.ee Raivo Korp Tegevjuht mob + 372 501 9995 e-mail: raivo.korp (at) trendgardens.ee Peeter Saluste Tootmisjuht tel +372 51 55071 e-mail: peeter.saluste (at)trendgardens.ee Triin\u00a0J\u00fcrisoo\u00a0 Raamatupidamine, e-poe m\u00fc\u00fck tel +372 527 2025 e-mail: triin.jyrisoo (&#8230;<\/p>\n","protected":false},"author":1,"featured_media":0,"parent":0,"menu_order":0,"comment_status":"closed","ping_status":"closed","template":"","meta":{"footnotes":""},"class_list":["post-146","page","type-page","status-publish","hentry"],"_links":{"self":[{"href":"https:\/\/trendgardens.ee\/index.php?rest_route=\/wp\/v2\/pages\/146","targetHints":{"allow":["GET"]}}],"collection":[{"href":"https:\/\/trendgardens.ee\/index.php?rest_route=\/wp\/v2\/pages"}],"about":[{"href":"https:\/\/trendgardens.ee\/index.php?rest_route=\/wp\/v2\/types\/page"}],"author":[{"embeddable":true,"href":"https:\/\/trendgardens.ee\/index.php?rest_route=\/wp\/v2\/users\/1"}],"replies":[{"embeddable":true,"href":"https:\/\/trendgardens.ee\/index.php?rest_route=%2Fwp%2Fv2%2Fcomments&post=146"}],"version-history":[{"count":34,"href":"https:\/\/trendgardens.ee\/index.php?rest_route=\/wp\/v2\/pages\/146\/revisions"}],"predecessor-version":[{"id":1778,"href":"https:\/\/trendgardens.ee\/index.php?rest_route=\/wp\/v2\/pages\/146\/revisions\/1778"}],"wp:attachment":[{"href":"https:\/\/trendgardens.ee\/index.php?rest_route=%2Fwp%2Fv2%2Fmedia&parent=146"}],"curies":[{"name":"wp","href":"https:\/\/api.w.org\/{rel}","templated":true}]}}