{"id":5,"date":"2014-12-01T10:10:39","date_gmt":"2014-12-01T10:10:39","guid":{"rendered":"http:\/\/kris.trendgardens.ee\/?page_id=5"},"modified":"2026-04-23T15:00:33","modified_gmt":"2026-04-23T12:00:33","slug":"cart","status":"publish","type":"page","link":"https:\/\/trendgardens.ee\/?page_id=5","title":{"rendered":"Meist"},"content":{"rendered":"<div id=\"attachment_2074\" style=\"width: 160px\" class=\"wp-caption alignright\"><a href=\"https:\/\/trendgardens.ee\/wp-content\/uploads\/2026\/04\/Autokoorem.jpg\"><img loading=\"lazy\" decoding=\"async\" aria-describedby=\"caption-attachment-2074\" class=\"size-thumbnail wp-image-2074\" src=\"https:\/\/trendgardens.ee\/wp-content\/uploads\/2026\/04\/Autokoorem-150x150.jpg\" alt=\"Autos\" width=\"150\" height=\"150\" srcset=\"https:\/\/trendgardens.ee\/wp-content\/uploads\/2026\/04\/Autokoorem-150x150.jpg 150w, https:\/\/trendgardens.ee\/wp-content\/uploads\/2026\/04\/Autokoorem-300x300.jpg 300w, https:\/\/trendgardens.ee\/wp-content\/uploads\/2026\/04\/Autokoorem-100x100.jpg 100w\" sizes=\"auto, (max-width: 150px) 100vw, 150px\" \/><\/a><p id=\"caption-attachment-2074\" class=\"wp-caption-text\">Auto peale laadimist<\/p><\/div>\n<p>Tegutseme alates aastast 1998.<\/p>\n<p>Peamiseks tegevusvaldkonnaks on <b>puidust aiakaupade tootmine<\/b>.<br \/>\nOlulisemad tooted on erinevate k\u00f5rguste- ning pikkustega palissaadid ( rull- ja sirged ) ja muru e. terassiplaadid, aiapaneelid ja -postid, puitv\u00f5restikud, samuti lillekastid ning laste liivakastid.<\/p>\n<p>Oma peamiste koost\u00f6\u00f6partneritena Eestis n\u00e4eme aiandustarvete<br \/>\nja istikute jae- ning hulgim\u00fc\u00fcgifirmasid ja haljastust\u00f6\u00f6dega tegelevaid ettev\u00f5tteid.<\/p>\n","protected":false},"excerpt":{"rendered":"<p>Tegutseme alates aastast 1998. Peamiseks tegevusvaldkonnaks on puidust aiakaupade tootmine. Olulisemad tooted on erinevate k\u00f5rguste- ning pikkustega palissaadid ( rull- ja sirged ) ja muru e. terassiplaadid, aiapaneelid ja -postid, puitv\u00f5restikud, samuti lillekastid ning laste liivakastid. Oma peamiste koost\u00f6\u00f6partneritena Eestis n\u00e4eme aiandustarvete ja istikute jae- ning hulgim\u00fc\u00fcgifirmasid ja haljastust\u00f6\u00f6dega tegelevaid&#8230;<\/p>\n","protected":false},"author":1,"featured_media":0,"parent":0,"menu_order":0,"comment_status":"closed","ping_status":"open","template":"","meta":{"footnotes":""},"class_list":["post-5","page","type-page","status-publish","hentry"],"_links":{"self":[{"href":"https:\/\/trendgardens.ee\/index.php?rest_route=\/wp\/v2\/pages\/5","targetHints":{"allow":["GET"]}}],"collection":[{"href":"https:\/\/trendgardens.ee\/index.php?rest_route=\/wp\/v2\/pages"}],"about":[{"href":"https:\/\/trendgardens.ee\/index.php?rest_route=\/wp\/v2\/types\/page"}],"author":[{"embeddable":true,"href":"https:\/\/trendgardens.ee\/index.php?rest_route=\/wp\/v2\/users\/1"}],"replies":[{"embeddable":true,"href":"https:\/\/trendgardens.ee\/index.php?rest_route=%2Fwp%2Fv2%2Fcomments&post=5"}],"version-history":[{"count":6,"href":"https:\/\/trendgardens.ee\/index.php?rest_route=\/wp\/v2\/pages\/5\/revisions"}],"predecessor-version":[{"id":2096,"href":"https:\/\/trendgardens.ee\/index.php?rest_route=\/wp\/v2\/pages\/5\/revisions\/2096"}],"wp:attachment":[{"href":"https:\/\/trendgardens.ee\/index.php?rest_route=%2Fwp%2Fv2%2Fmedia&parent=5"}],"curies":[{"name":"wp","href":"https:\/\/api.w.org\/{rel}","templated":true}]}}