{"id":505,"date":"2017-04-18T20:34:53","date_gmt":"2017-04-18T17:34:53","guid":{"rendered":"https:\/\/trendgardens.ee\/?page_id=505"},"modified":"2026-04-23T16:31:23","modified_gmt":"2026-04-23T13:31:23","slug":"poosatoed","status":"publish","type":"page","link":"https:\/\/trendgardens.ee\/?page_id=505","title":{"rendered":"P\u00f5\u00f5satoed"},"content":{"rendered":"\n\n<div class=\"wp-block-image\">\n<figure class=\"alignright\"><a href=\"https:\/\/trendgardens.ee\/wp-content\/uploads\/2017\/04\/poosastugi.jpg\"><img loading=\"lazy\" decoding=\"async\" width=\"265\" height=\"300\" src=\"https:\/\/trendgardens.ee\/wp-content\/uploads\/2017\/04\/poosastugi-265x300.jpg\" alt=\"poosastugi\" class=\"wp-image-506\" style=\"aspect-ratio:4\/3;object-fit:cover\" srcset=\"https:\/\/trendgardens.ee\/wp-content\/uploads\/2017\/04\/poosastugi-265x300.jpg 265w, https:\/\/trendgardens.ee\/wp-content\/uploads\/2017\/04\/poosastugi-500x566.jpg 500w, https:\/\/trendgardens.ee\/wp-content\/uploads\/2017\/04\/poosastugi.jpg 679w\" sizes=\"auto, (max-width: 265px) 100vw, 265px\" \/><\/a><\/figure>\n<\/div>\n\n\n<figure class=\"wp-block-gallery has-nested-images columns-default is-cropped wp-block-gallery-1 is-layout-flex wp-block-gallery-is-layout-flex\">\n<figure class=\"wp-block-image size-large\"><a href=\"https:\/\/trendgardens.ee\/wp-content\/uploads\/2026\/04\/Poosatugi_must.jpg\"><img loading=\"lazy\" decoding=\"async\" width=\"514\" height=\"640\" data-id=\"2062\" src=\"https:\/\/trendgardens.ee\/wp-content\/uploads\/2026\/04\/Poosatugi_must.jpg\" alt=\"\" class=\"wp-image-2062\" style=\"aspect-ratio:1\" srcset=\"https:\/\/trendgardens.ee\/wp-content\/uploads\/2026\/04\/Poosatugi_must.jpg 514w, https:\/\/trendgardens.ee\/wp-content\/uploads\/2026\/04\/Poosatugi_must-241x300.jpg 241w, https:\/\/trendgardens.ee\/wp-content\/uploads\/2026\/04\/Poosatugi_must-500x623.jpg 500w\" sizes=\"auto, (max-width: 514px) 100vw, 514px\" \/><\/a><figcaption class=\"wp-element-caption\">Must p\u00f5\u00f5satugi pakendis<\/figcaption><\/figure>\n\n\n\n<figure class=\"wp-block-image size-large\"><a href=\"https:\/\/trendgardens.ee\/wp-content\/uploads\/2026\/04\/IMG_8450-scaled.jpeg\"><img loading=\"lazy\" decoding=\"async\" width=\"768\" height=\"1024\" data-id=\"2092\" src=\"https:\/\/trendgardens.ee\/wp-content\/uploads\/2026\/04\/IMG_8450-768x1024.jpeg\" alt=\"Neljakandiline p\u00f5\u00f5satugi\" class=\"wp-image-2092\" style=\"aspect-ratio:1\" srcset=\"https:\/\/trendgardens.ee\/wp-content\/uploads\/2026\/04\/IMG_8450-768x1024.jpeg 768w, https:\/\/trendgardens.ee\/wp-content\/uploads\/2026\/04\/IMG_8450-225x300.jpeg 225w, https:\/\/trendgardens.ee\/wp-content\/uploads\/2026\/04\/IMG_8450-1152x1536.jpeg 1152w, https:\/\/trendgardens.ee\/wp-content\/uploads\/2026\/04\/IMG_8450-1536x2048.jpeg 1536w, https:\/\/trendgardens.ee\/wp-content\/uploads\/2026\/04\/IMG_8450-500x667.jpeg 500w, https:\/\/trendgardens.ee\/wp-content\/uploads\/2026\/04\/IMG_8450-scaled.jpeg 1920w\" sizes=\"auto, (max-width: 768px) 100vw, 768px\" \/><\/a><\/figure>\n<\/figure>\n\n\n\n<p>&nbsp;<\/p>\n\n\n\n<figure class=\"wp-block-image\"><a href=\"https:\/\/trendgardens.ee\/wp-content\/uploads\/2026\/04\/poosastoed_pakis.png\"><img loading=\"lazy\" decoding=\"async\" width=\"150\" height=\"150\" src=\"https:\/\/trendgardens.ee\/wp-content\/uploads\/2026\/04\/poosastoed_pakis-150x150.png\" alt=\"\" class=\"wp-image-2065\" srcset=\"https:\/\/trendgardens.ee\/wp-content\/uploads\/2026\/04\/poosastoed_pakis-150x150.png 150w, https:\/\/trendgardens.ee\/wp-content\/uploads\/2026\/04\/poosastoed_pakis-300x300.png 300w, https:\/\/trendgardens.ee\/wp-content\/uploads\/2026\/04\/poosastoed_pakis-100x100.png 100w\" sizes=\"auto, (max-width: 150px) 100vw, 150px\" \/><\/a><\/figure>\n\n\n\n<p>&nbsp;M\u00f5\u00f5dud 800 800 mm, s\u00fcgavimmutus<\/p>\n\n\n\n<ol class=\"wp-block-list\">\n<li>Neljakandiline, saematerjalist<\/li>\n\n\n\n<li>\u00dcmarmaterjalist, mustaks v\u00e4rvitud<\/li>\n<\/ol>\n\n\n\n<p class=\"has-small-font-size\"><a href=\"https:\/\/trendgardens.ee\/?product=poosatugi\">Ostu info siit<\/a><\/p>\n\n\n\n<p class=\"has-large-font-size\"><\/p>\n","protected":false},"excerpt":{"rendered":"<p>&nbsp; &nbsp;M\u00f5\u00f5dud 800 800 mm, s\u00fcgavimmutus Ostu info siit<\/p>\n","protected":false},"author":2,"featured_media":0,"parent":0,"menu_order":0,"comment_status":"closed","ping_status":"closed","template":"","meta":{"footnotes":""},"class_list":["post-505","page","type-page","status-publish","hentry"],"_links":{"self":[{"href":"https:\/\/trendgardens.ee\/index.php?rest_route=\/wp\/v2\/pages\/505","targetHints":{"allow":["GET"]}}],"collection":[{"href":"https:\/\/trendgardens.ee\/index.php?rest_route=\/wp\/v2\/pages"}],"about":[{"href":"https:\/\/trendgardens.ee\/index.php?rest_route=\/wp\/v2\/types\/page"}],"author":[{"embeddable":true,"href":"https:\/\/trendgardens.ee\/index.php?rest_route=\/wp\/v2\/users\/2"}],"replies":[{"embeddable":true,"href":"https:\/\/trendgardens.ee\/index.php?rest_route=%2Fwp%2Fv2%2Fcomments&post=505"}],"version-history":[{"count":9,"href":"https:\/\/trendgardens.ee\/index.php?rest_route=\/wp\/v2\/pages\/505\/revisions"}],"predecessor-version":[{"id":2150,"href":"https:\/\/trendgardens.ee\/index.php?rest_route=\/wp\/v2\/pages\/505\/revisions\/2150"}],"wp:attachment":[{"href":"https:\/\/trendgardens.ee\/index.php?rest_route=%2Fwp%2Fv2%2Fmedia&parent=505"}],"curies":[{"name":"wp","href":"https:\/\/api.w.org\/{rel}","templated":true}]}}