{"id":6,"date":"2014-12-01T10:10:39","date_gmt":"2014-12-01T10:10:39","guid":{"rendered":"http:\/\/kris.trendgardens.ee\/?page_id=6"},"modified":"2026-04-14T20:40:17","modified_gmt":"2026-04-14T17:40:17","slug":"checkout","status":"publish","type":"page","link":"https:\/\/trendgardens.ee\/?page_id=6","title":{"rendered":"Tooted"},"content":{"rendered":"<h5 class=\"main\"><a href=\"https:\/\/trendgardens.ee\/wp-content\/uploads\/2025\/03\/TrendGardens_tootekataloog_25.pdf\">TrendGardens_tootekataloog_25<\/a><\/h5>\n<p>K\u00f5ik meie tooted on immutatud kroomi- ja arseenivaba kemikaaliga.<\/p>\n<p>* Pakume vaakum-surve immutusteenust :<br \/><a href=\"https:\/\/www.wolman.de\/en\/products\/vacuum-pressure-treatment\/wolmanit-cx\">Wolmanit CX-8WB \u00a0<\/a>kemikaali baasil nii rohelist kui pruuni v\u00e4rvi.<\/p>\n<p>Wolmanit\u00ae CX-ga t\u00f6\u00f6deldud puit on laste ja keskkonna jaoks ohutud. Wolmanit\u00ae CX p\u00f5hineb vase-HDO-l, fungitsiidil, mida on puitkaitses edukalt kasutatud juba aastaid ning mis on l\u00e4binud maailma \u00fche k\u00f5ige p\u00f5hjalikuma toksikoloogilise testimise k\u00f5igist puidukaitsevahenditest.<\/p>\n<ul>\n<li>Pakume saepuru- hind kokkuleppel.<\/li>\n<\/ul>\n\n\n<figure class=\"wp-block-image size-large\"><a href=\"https:\/\/trendgardens.ee\/wp-content\/uploads\/2026\/04\/Rullid_pakis.png\"><img loading=\"lazy\" decoding=\"async\" width=\"432\" height=\"1024\" src=\"https:\/\/trendgardens.ee\/wp-content\/uploads\/2026\/04\/Rullid_pakis-432x1024.png\" alt=\"\" class=\"wp-image-2036\" srcset=\"https:\/\/trendgardens.ee\/wp-content\/uploads\/2026\/04\/Rullid_pakis-432x1024.png 432w, https:\/\/trendgardens.ee\/wp-content\/uploads\/2026\/04\/Rullid_pakis-127x300.png 127w, https:\/\/trendgardens.ee\/wp-content\/uploads\/2026\/04\/Rullid_pakis-648x1536.png 648w, https:\/\/trendgardens.ee\/wp-content\/uploads\/2026\/04\/Rullid_pakis-500x1184.png 500w, https:\/\/trendgardens.ee\/wp-content\/uploads\/2026\/04\/Rullid_pakis.png 700w\" sizes=\"auto, (max-width: 432px) 100vw, 432px\" \/><\/a><\/figure>\n","protected":false},"excerpt":{"rendered":"<p>TrendGardens_tootekataloog_25 K\u00f5ik meie tooted on immutatud kroomi- ja arseenivaba kemikaaliga. * Pakume vaakum-surve immutusteenust :Wolmanit CX-8WB \u00a0kemikaali baasil nii rohelist kui pruuni v\u00e4rvi. Wolmanit\u00ae CX-ga t\u00f6\u00f6deldud puit on laste ja keskkonna jaoks ohutud. Wolmanit\u00ae CX p\u00f5hineb vase-HDO-l, fungitsiidil, mida on puitkaitses edukalt kasutatud juba aastaid ning mis on l\u00e4binud maailma&#8230;<\/p>\n","protected":false},"author":1,"featured_media":0,"parent":0,"menu_order":0,"comment_status":"closed","ping_status":"open","template":"page-sidebarright.php","meta":{"footnotes":""},"class_list":["post-6","page","type-page","status-publish","hentry"],"_links":{"self":[{"href":"https:\/\/trendgardens.ee\/index.php?rest_route=\/wp\/v2\/pages\/6","targetHints":{"allow":["GET"]}}],"collection":[{"href":"https:\/\/trendgardens.ee\/index.php?rest_route=\/wp\/v2\/pages"}],"about":[{"href":"https:\/\/trendgardens.ee\/index.php?rest_route=\/wp\/v2\/types\/page"}],"author":[{"embeddable":true,"href":"https:\/\/trendgardens.ee\/index.php?rest_route=\/wp\/v2\/users\/1"}],"replies":[{"embeddable":true,"href":"https:\/\/trendgardens.ee\/index.php?rest_route=%2Fwp%2Fv2%2Fcomments&post=6"}],"version-history":[{"count":16,"href":"https:\/\/trendgardens.ee\/index.php?rest_route=\/wp\/v2\/pages\/6\/revisions"}],"predecessor-version":[{"id":2052,"href":"https:\/\/trendgardens.ee\/index.php?rest_route=\/wp\/v2\/pages\/6\/revisions\/2052"}],"wp:attachment":[{"href":"https:\/\/trendgardens.ee\/index.php?rest_route=%2Fwp%2Fv2%2Fmedia&parent=6"}],"curies":[{"name":"wp","href":"https:\/\/api.w.org\/{rel}","templated":true}]}}