{"id":67,"date":"2015-07-01T14:56:52","date_gmt":"2015-07-01T11:56:52","guid":{"rendered":"http:\/\/kris.trendgardens.ee\/?page_id=67"},"modified":"2026-04-23T16:31:16","modified_gmt":"2026-04-23T13:31:16","slug":"postid-ja-tokid","status":"publish","type":"page","link":"https:\/\/trendgardens.ee\/?page_id=67","title":{"rendered":"Postid ja tokid"},"content":{"rendered":"\n<div class=\"wp-block-columns is-layout-flex wp-container-core-columns-is-layout-9d6595d7 wp-block-columns-is-layout-flex\">\n<div class=\"wp-block-column is-vertically-aligned-bottom is-layout-flow wp-block-column-is-layout-flow\" style=\"flex-basis:100%\">\n<h4 class=\"wp-block-heading\">Istikutokkide p\u00f5him\u00f5\u00f5dud:<\/h4>\n\n\n\n<div class=\"wp-block-cover alignright\"><img loading=\"lazy\" decoding=\"async\" width=\"150\" height=\"150\" class=\"wp-block-cover__image-background wp-image-2095 size-thumbnail\" alt=\"Aiapost teritus\" src=\"https:\/\/trendgardens.ee\/wp-content\/uploads\/2026\/04\/IMG_8436-150x150.jpeg\" data-object-fit=\"cover\" srcset=\"https:\/\/trendgardens.ee\/wp-content\/uploads\/2026\/04\/IMG_8436-150x150.jpeg 150w, https:\/\/trendgardens.ee\/wp-content\/uploads\/2026\/04\/IMG_8436-300x300.jpeg 300w, https:\/\/trendgardens.ee\/wp-content\/uploads\/2026\/04\/IMG_8436-100x100.jpeg 100w\" sizes=\"auto, (max-width: 150px) 100vw, 150px\" \/><span aria-hidden=\"true\" class=\"wp-block-cover__background has-background-dim\"><\/span><div class=\"wp-block-cover__inner-container is-layout-flow wp-block-cover-is-layout-flow\">\n<p class=\"has-text-align-center has-large-font-size\"><\/p>\n<\/div><\/div>\n\n\n\n<div class=\"wp-block-group is-vertical is-layout-flex wp-container-core-group-is-layout-8cf370e7 wp-block-group-is-layout-flex\">\n<ul class=\"wp-block-list\">\n<li>32 x 1500 mm<\/li>\n<\/ul>\n\n\n\n<ul class=\"wp-block-list\">\n<li>38 x 1900 mm<\/li>\n\n\n\n<li>50 x 1500 mm<\/li>\n\n\n\n<li>50 x 2000 mm<\/li>\n<\/ul>\n<\/div>\n\n\n\n<p>Neljakandiline istikutokk:<\/p>\n\n\n\n<figure class=\"wp-block-table\"><table class=\"has-fixed-layout\"><tbody><tr><td>32mm x 32mm x 1.2m<\/td><\/tr><tr><td>32mm x 32mm x 1.5m<\/td><\/tr><tr><td>32mm x 32mm x 1.8m<\/td><\/tr><tr><td>32mm x 32mm x 2.1m<\/td><\/tr><tr><td>32mm x 32mm x 2.4m<\/td><\/tr><\/tbody><\/table><\/figure>\n\n\n\n<p>&nbsp;<\/p>\n<\/div>\n<\/div>\n\n\n\n<figure class=\"wp-block-gallery has-nested-images columns-default is-cropped wp-block-gallery-1 is-layout-flex wp-block-gallery-is-layout-flex\">\n<figure class=\"wp-block-image size-large\"><a href=\"https:\/\/trendgardens.ee\/wp-content\/uploads\/2026\/04\/Mustad_postid-_pakis.jpg\"><img loading=\"lazy\" decoding=\"async\" width=\"640\" height=\"535\" data-id=\"2089\" src=\"https:\/\/trendgardens.ee\/wp-content\/uploads\/2026\/04\/Mustad_postid-_pakis.jpg\" alt=\"Aiapost_must\" class=\"wp-image-2089\" srcset=\"https:\/\/trendgardens.ee\/wp-content\/uploads\/2026\/04\/Mustad_postid-_pakis.jpg 640w, https:\/\/trendgardens.ee\/wp-content\/uploads\/2026\/04\/Mustad_postid-_pakis-300x251.jpg 300w, https:\/\/trendgardens.ee\/wp-content\/uploads\/2026\/04\/Mustad_postid-_pakis-500x418.jpg 500w\" sizes=\"auto, (max-width: 640px) 100vw, 640px\" \/><\/a><figcaption class=\"wp-element-caption\">Aiapost<\/figcaption><\/figure>\n\n\n\n<figure class=\"wp-block-image size-large\"><a href=\"https:\/\/trendgardens.ee\/wp-content\/uploads\/2026\/04\/IMG_8376-scaled.jpeg\"><img loading=\"lazy\" decoding=\"async\" width=\"768\" height=\"1024\" data-id=\"2048\" src=\"https:\/\/trendgardens.ee\/wp-content\/uploads\/2026\/04\/IMG_8376-768x1024.jpeg\" alt=\"Neljakandiline post\" class=\"wp-image-2048\" srcset=\"https:\/\/trendgardens.ee\/wp-content\/uploads\/2026\/04\/IMG_8376-768x1024.jpeg 768w, https:\/\/trendgardens.ee\/wp-content\/uploads\/2026\/04\/IMG_8376-225x300.jpeg 225w, https:\/\/trendgardens.ee\/wp-content\/uploads\/2026\/04\/IMG_8376-1152x1536.jpeg 1152w, https:\/\/trendgardens.ee\/wp-content\/uploads\/2026\/04\/IMG_8376-1536x2048.jpeg 1536w, https:\/\/trendgardens.ee\/wp-content\/uploads\/2026\/04\/IMG_8376-500x667.jpeg 500w, https:\/\/trendgardens.ee\/wp-content\/uploads\/2026\/04\/IMG_8376-scaled.jpeg 1920w\" sizes=\"auto, (max-width: 768px) 100vw, 768px\" \/><\/a><figcaption class=\"wp-element-caption\">Aiapost<\/figcaption><\/figure>\n<\/figure>\n\n\n\n<p><\/p>\n","protected":false},"excerpt":{"rendered":"<p>Istikutokkide p\u00f5him\u00f5\u00f5dud: Neljakandiline istikutokk: 32mm x 32mm x 1.2m 32mm x 32mm x 1.5m 32mm x 32mm x 1.8m 32mm x 32mm x 2.1m 32mm x 32mm x 2.4m &nbsp;<\/p>\n","protected":false},"author":1,"featured_media":0,"parent":0,"menu_order":0,"comment_status":"closed","ping_status":"closed","template":"page-fullwidth.php","meta":{"footnotes":""},"class_list":["post-67","page","type-page","status-publish","hentry"],"_links":{"self":[{"href":"https:\/\/trendgardens.ee\/index.php?rest_route=\/wp\/v2\/pages\/67","targetHints":{"allow":["GET"]}}],"collection":[{"href":"https:\/\/trendgardens.ee\/index.php?rest_route=\/wp\/v2\/pages"}],"about":[{"href":"https:\/\/trendgardens.ee\/index.php?rest_route=\/wp\/v2\/types\/page"}],"author":[{"embeddable":true,"href":"https:\/\/trendgardens.ee\/index.php?rest_route=\/wp\/v2\/users\/1"}],"replies":[{"embeddable":true,"href":"https:\/\/trendgardens.ee\/index.php?rest_route=%2Fwp%2Fv2%2Fcomments&post=67"}],"version-history":[{"count":16,"href":"https:\/\/trendgardens.ee\/index.php?rest_route=\/wp\/v2\/pages\/67\/revisions"}],"predecessor-version":[{"id":2149,"href":"https:\/\/trendgardens.ee\/index.php?rest_route=\/wp\/v2\/pages\/67\/revisions\/2149"}],"wp:attachment":[{"href":"https:\/\/trendgardens.ee\/index.php?rest_route=%2Fwp%2Fv2%2Fmedia&parent=67"}],"curies":[{"name":"wp","href":"https:\/\/api.w.org\/{rel}","templated":true}]}}