{"id":74,"date":"2015-07-01T15:07:26","date_gmt":"2015-07-01T12:07:26","guid":{"rendered":"http:\/\/kris.trendgardens.ee\/?page_id=74"},"modified":"2025-12-16T10:16:50","modified_gmt":"2025-12-16T08:16:50","slug":"kuttepuud","status":"publish","type":"page","link":"https:\/\/trendgardens.ee\/?page_id=74","title":{"rendered":"K\u00fcttepuud"},"content":{"rendered":"<div style=\"width: 294px\" class=\"wp-caption alignnone\"><img loading=\"lazy\" decoding=\"async\" title=\"K\u00fctteklots\" src=\"https:\/\/trendgardens.ee\/image_gallery\/167.jpg\" alt=\"K\u00fctteklots\" width=\"284\" height=\"213\" \/><p class=\"wp-caption-text\">K\u00fctteklots v\u00f5rgus<\/p><\/div>\n<div id=\"attachment_1840\" style=\"width: 150px\" class=\"wp-caption alignright\"><a href=\"https:\/\/trendgardens.ee\/wp-content\/uploads\/2018\/12\/IMG_3156-scaled.jpeg\"><img loading=\"lazy\" decoding=\"async\" aria-describedby=\"caption-attachment-1840\" class=\"wp-image-1840\" title=\"K\u00fctteklotsi jupid\" src=\"https:\/\/trendgardens.ee\/wp-content\/uploads\/2018\/12\/IMG_3156-150x150.jpeg\" alt=\"erineva suurusega\" width=\"140\" height=\"140\" srcset=\"https:\/\/trendgardens.ee\/wp-content\/uploads\/2018\/12\/IMG_3156-150x150.jpeg 150w, https:\/\/trendgardens.ee\/wp-content\/uploads\/2018\/12\/IMG_3156-300x300.jpeg 300w, https:\/\/trendgardens.ee\/wp-content\/uploads\/2018\/12\/IMG_3156-scaled-100x100.jpeg 100w\" sizes=\"auto, (max-width: 140px) 100vw, 140px\" \/><\/a><p id=\"caption-attachment-1840\" class=\"wp-caption-text\">Klotsi pikkused<\/p><\/div>\n<p>40 l\u00a0 v\u00f5rkkotis kuivad kase- ja\/v\u00f5i oksapuuklotsid. Klotsid erineva pikkusega.<br \/>\n54 tk t\u00fckki alusel.\u00a0 M\u00fc\u00fck aluse kaupa Rummus, L\u00e4\u00e4ne- Harju vald.<\/p>\n<h3>Transpordi v\u00f5imalus.<\/h3>\n<p>Alus kokku 600 kg<\/p>\n<p>Aluse hind 100 EUR koha peal. Ostu soovil eelnev kokkulepe: 52 72 025<\/p>\n<p>Tellimus esitada l\u00e4bi e-poe <a href=\"https:\/\/trendgardens.ee\/?product=kutteklots\">siit<\/a> v\u00f5i kirjutades e- mailile: info@trendgardens.ee<\/p>\n","protected":false},"excerpt":{"rendered":"<p>40 l\u00a0 v\u00f5rkkotis kuivad kase- ja\/v\u00f5i oksapuuklotsid. Klotsid erineva pikkusega. 54 tk t\u00fckki alusel.\u00a0 M\u00fc\u00fck aluse kaupa Rummus, L\u00e4\u00e4ne- Harju vald. Transpordi v\u00f5imalus. Alus kokku 600 kg Aluse hind 100 EUR koha peal. Ostu soovil eelnev kokkulepe: 52 72 025 Tellimus esitada l\u00e4bi e-poe siit v\u00f5i kirjutades e- mailile: info@trendgardens.ee<\/p>\n","protected":false},"author":1,"featured_media":0,"parent":0,"menu_order":0,"comment_status":"closed","ping_status":"closed","template":"page-sidebarright.php","meta":{"footnotes":""},"class_list":["post-74","page","type-page","status-publish","hentry"],"_links":{"self":[{"href":"https:\/\/trendgardens.ee\/index.php?rest_route=\/wp\/v2\/pages\/74","targetHints":{"allow":["GET"]}}],"collection":[{"href":"https:\/\/trendgardens.ee\/index.php?rest_route=\/wp\/v2\/pages"}],"about":[{"href":"https:\/\/trendgardens.ee\/index.php?rest_route=\/wp\/v2\/types\/page"}],"author":[{"embeddable":true,"href":"https:\/\/trendgardens.ee\/index.php?rest_route=\/wp\/v2\/users\/1"}],"replies":[{"embeddable":true,"href":"https:\/\/trendgardens.ee\/index.php?rest_route=%2Fwp%2Fv2%2Fcomments&post=74"}],"version-history":[{"count":22,"href":"https:\/\/trendgardens.ee\/index.php?rest_route=\/wp\/v2\/pages\/74\/revisions"}],"predecessor-version":[{"id":2025,"href":"https:\/\/trendgardens.ee\/index.php?rest_route=\/wp\/v2\/pages\/74\/revisions\/2025"}],"wp:attachment":[{"href":"https:\/\/trendgardens.ee\/index.php?rest_route=%2Fwp%2Fv2%2Fmedia&parent=74"}],"curies":[{"name":"wp","href":"https:\/\/api.w.org\/{rel}","templated":true}]}}