{"id":1345,"date":"2018-12-26T19:30:04","date_gmt":"2018-12-26T17:30:04","guid":{"rendered":"https:\/\/trendgardens.ee\/?post_type=product&#038;p=1345"},"modified":"2025-11-19T11:27:28","modified_gmt":"2025-11-19T09:27:28","slug":"kutteklots","status":"publish","type":"product","link":"https:\/\/trendgardens.ee\/?product=kutteklots","title":{"rendered":"K\u00fctteklots"},"content":{"rendered":"<p>K\u00fctteklotsid\u00a0 , 40 L. M\u00fc\u00fcme aluse kaupa.<\/p>\n<p>Alusel 54 kotti, 600 kg . Hind ei sisalda transporti. Transpordi tellimise v\u00f5imalus<\/p>\n<p>Ostu soovil eelnev kokkulepe: 52 72 025<\/p>\n","protected":false},"excerpt":{"rendered":"[caption id=\"attachment_1810\" align=\"alignright\" width=\"150\"]<a href=\"https:\/\/trendgardens.ee\/wp-content\/uploads\/2018\/12\/IMG_1398-scaled.jpeg\"><img loading=\"lazy\" decoding=\"async\" class=\"size-thumbnail wp-image-1810\" src=\"https:\/\/trendgardens.ee\/wp-content\/uploads\/2018\/12\/IMG_1398-150x150.jpeg\" alt=\"54 kotti\" width=\"150\" height=\"150\" srcset=\"https:\/\/trendgardens.ee\/wp-content\/uploads\/2018\/12\/IMG_1398-150x150.jpeg 150w, https:\/\/trendgardens.ee\/wp-content\/uploads\/2018\/12\/IMG_1398-300x300.jpeg 300w, https:\/\/trendgardens.ee\/wp-content\/uploads\/2018\/12\/IMG_1398-scaled-100x100.jpeg 100w\" sizes=\"auto, (max-width: 150px) 100vw, 150px\" \/><\/a> tr[\/caption]\n<p>40 l\u00a0 v\u00f5rkkotis kuivad kase- ja\/v\u00f5i oksapuuklotsid. Klotsid erineva pikkusega.<a href=\"https:\/\/trendgardens.ee\/wp-content\/uploads\/2018\/12\/IMG_3156-scaled.jpeg\"><img loading=\"lazy\" decoding=\"async\" class=\"alignright size-thumbnail wp-image-1840\" src=\"https:\/\/trendgardens.ee\/wp-content\/uploads\/2018\/12\/IMG_3156-150x150.jpeg\" alt=\"erineva suurusega\" width=\"150\" height=\"150\" srcset=\"https:\/\/trendgardens.ee\/wp-content\/uploads\/2018\/12\/IMG_3156-150x150.jpeg 150w, https:\/\/trendgardens.ee\/wp-content\/uploads\/2018\/12\/IMG_3156-300x300.jpeg 300w, https:\/\/trendgardens.ee\/wp-content\/uploads\/2018\/12\/IMG_3156-scaled-100x100.jpeg 100w\" sizes=\"auto, (max-width: 150px) 100vw, 150px\" \/><\/a><br \/>\n54 tk t\u00fckki alusel.\u00a0 M\u00fc\u00fck aluse kaupa Rummus, L\u00e4\u00e4ne- Harju vald. Transpordi v\u00f5imalus.<\/p>\n<p>Alus kokku 600 kg<\/p>\n<p>&nbsp;<\/p>\n","protected":false},"featured_media":1348,"template":"","meta":[],"product_brand":[],"product_cat":[60,39],"product_tag":[],"class_list":{"0":"post-1345","1":"product","2":"type-product","3":"status-publish","4":"has-post-thumbnail","6":"product_cat-kutteklots","7":"product_cat-puittooted","9":"first","10":"instock","11":"shipping-taxable","12":"purchasable","13":"product-type-simple"},"_links":{"self":[{"href":"https:\/\/trendgardens.ee\/index.php?rest_route=\/wp\/v2\/product\/1345","targetHints":{"allow":["GET"]}}],"collection":[{"href":"https:\/\/trendgardens.ee\/index.php?rest_route=\/wp\/v2\/product"}],"about":[{"href":"https:\/\/trendgardens.ee\/index.php?rest_route=\/wp\/v2\/types\/product"}],"wp:featuredmedia":[{"embeddable":true,"href":"https:\/\/trendgardens.ee\/index.php?rest_route=\/wp\/v2\/media\/1348"}],"wp:attachment":[{"href":"https:\/\/trendgardens.ee\/index.php?rest_route=%2Fwp%2Fv2%2Fmedia&parent=1345"}],"wp:term":[{"taxonomy":"product_brand","embeddable":true,"href":"https:\/\/trendgardens.ee\/index.php?rest_route=%2Fwp%2Fv2%2Fproduct_brand&post=1345"},{"taxonomy":"product_cat","embeddable":true,"href":"https:\/\/trendgardens.ee\/index.php?rest_route=%2Fwp%2Fv2%2Fproduct_cat&post=1345"},{"taxonomy":"product_tag","embeddable":true,"href":"https:\/\/trendgardens.ee\/index.php?rest_route=%2Fwp%2Fv2%2Fproduct_tag&post=1345"}],"curies":[{"name":"wp","href":"https:\/\/api.w.org\/{rel}","templated":true}]}}