{"id":1927,"date":"2024-11-06T10:30:26","date_gmt":"2024-11-06T08:30:26","guid":{"rendered":"https:\/\/trendgardens.ee\/?post_type=product&#038;p=1927"},"modified":"2024-11-06T10:30:26","modified_gmt":"2024-11-06T08:30:26","slug":"teekuunlaalus-maxi-klaasist","status":"publish","type":"product","link":"https:\/\/trendgardens.ee\/?product=teekuunlaalus-maxi-klaasist","title":{"rendered":"Teek\u00fc\u00fcnlaalus Maxi klaasist"},"content":{"rendered":"<p>Teek\u00fc\u00fcnlaalus Maxi klaasist- 2,80 eur<\/p>\n<p>Diam 9<\/p>\n","protected":false},"excerpt":{"rendered":"<p>Teek\u00fc\u00fcnlaalus Maxi klaasist<\/p>\n<p>Diam 9<\/p>\n","protected":false},"featured_media":1928,"template":"","meta":[],"product_brand":[],"product_cat":[66],"product_tag":[],"class_list":{"0":"post-1927","1":"product","2":"type-product","3":"status-publish","4":"has-post-thumbnail","6":"product_cat-kuunlajalad","8":"first","9":"instock","10":"shipping-taxable","11":"purchasable","12":"product-type-simple"},"_links":{"self":[{"href":"https:\/\/trendgardens.ee\/index.php?rest_route=\/wp\/v2\/product\/1927","targetHints":{"allow":["GET"]}}],"collection":[{"href":"https:\/\/trendgardens.ee\/index.php?rest_route=\/wp\/v2\/product"}],"about":[{"href":"https:\/\/trendgardens.ee\/index.php?rest_route=\/wp\/v2\/types\/product"}],"wp:featuredmedia":[{"embeddable":true,"href":"https:\/\/trendgardens.ee\/index.php?rest_route=\/wp\/v2\/media\/1928"}],"wp:attachment":[{"href":"https:\/\/trendgardens.ee\/index.php?rest_route=%2Fwp%2Fv2%2Fmedia&parent=1927"}],"wp:term":[{"taxonomy":"product_brand","embeddable":true,"href":"https:\/\/trendgardens.ee\/index.php?rest_route=%2Fwp%2Fv2%2Fproduct_brand&post=1927"},{"taxonomy":"product_cat","embeddable":true,"href":"https:\/\/trendgardens.ee\/index.php?rest_route=%2Fwp%2Fv2%2Fproduct_cat&post=1927"},{"taxonomy":"product_tag","embeddable":true,"href":"https:\/\/trendgardens.ee\/index.php?rest_route=%2Fwp%2Fv2%2Fproduct_tag&post=1927"}],"curies":[{"name":"wp","href":"https:\/\/api.w.org\/{rel}","templated":true}]}}