{"id":2171,"date":"2026-04-23T22:48:16","date_gmt":"2026-04-23T19:48:16","guid":{"rendered":"https:\/\/trendgardens.ee\/?post_type=product&#038;p=2171"},"modified":"2026-04-23T22:48:16","modified_gmt":"2026-04-23T19:48:16","slug":"umarpost","status":"publish","type":"product","link":"https:\/\/trendgardens.ee\/?product=umarpost","title":{"rendered":"\u00dcmarpost"},"content":{"rendered":"<p>Erinevas m\u00f5\u00f5dus immutatud aiapost. V\u00f5ib olla v\u00e4rvi muutuseid: on natuke kauem laos seisnud toode.<\/p>\n","protected":false},"excerpt":{"rendered":"<p>Immutatud \u00fcmarpost.<\/p>\n<p>T\u00e4psem info: info\u00a0 (at) trendgardens.ee v\u00f5i telefon\u00a0 527 2025<\/p>\n<table width=\"500\">\n<tbody>\n<tr>\n<td width=\"87\">D<\/td>\n<td width=\"87\">P<\/td>\n<td width=\"87\"><u>\u00a0<\/u><\/td>\n<td width=\"152\"><u>\u00a0<\/u><\/td>\n<td width=\"87\">Hind<\/td>\n<\/tr>\n<tr>\n<td>80<\/td>\n<td>1500<\/td>\n<td>okaspuu<\/td>\n<td>teritatud-faasitud<\/td>\n<td>4<\/td>\n<\/tr>\n<tr>\n<td>80<\/td>\n<td>1800<\/td>\n<td>okaspuu<\/td>\n<td>teritatud-faasitud<\/td>\n<td>4,8<\/td>\n<\/tr>\n<tr>\n<td>80<\/td>\n<td>2000<\/td>\n<td>okaspuu<\/td>\n<td>teritatud-faasitud<\/td>\n<td>5,2<\/td>\n<\/tr>\n<tr>\n<td>85<\/td>\n<td>1800<\/td>\n<td>okaspuu<\/td>\n<td>teritatud-faasitud<\/td>\n<td>5,4<\/td>\n<\/tr>\n<tr>\n<td>100<\/td>\n<td>2000<\/td>\n<td>okaspuu<\/td>\n<td>teritatud-faasitud<\/td>\n<td>8,2<\/td>\n<\/tr>\n<tr>\n<td>100<\/td>\n<td>2400<\/td>\n<td>okaspuu<\/td>\n<td>teritatud-faasitud<\/td>\n<td>9,9<\/td>\n<\/tr>\n<\/tbody>\n<\/table>\n[caption id=\"attachment_2173\" align=\"alignright\" width=\"150\"]<a href=\"https:\/\/trendgardens.ee\/wp-content\/uploads\/2026\/04\/IMG_8430-scaled.jpeg\"><img loading=\"lazy\" decoding=\"async\" class=\"size-thumbnail wp-image-2173\" src=\"https:\/\/trendgardens.ee\/wp-content\/uploads\/2026\/04\/IMG_8430-150x150.jpeg\" alt=\"\u00dcmarpost pakis\" width=\"150\" height=\"150\" srcset=\"https:\/\/trendgardens.ee\/wp-content\/uploads\/2026\/04\/IMG_8430-150x150.jpeg 150w, https:\/\/trendgardens.ee\/wp-content\/uploads\/2026\/04\/IMG_8430-300x300.jpeg 300w, https:\/\/trendgardens.ee\/wp-content\/uploads\/2026\/04\/IMG_8430-100x100.jpeg 100w\" sizes=\"auto, (max-width: 150px) 100vw, 150px\" \/><\/a> Aiapost pakis[\/caption]\n[caption id=\"attachment_2172\" align=\"alignright\" width=\"150\"]<a href=\"https:\/\/trendgardens.ee\/wp-content\/uploads\/2026\/04\/IMG_8432-scaled.jpeg\"><img loading=\"lazy\" decoding=\"async\" class=\"size-thumbnail wp-image-2172\" src=\"https:\/\/trendgardens.ee\/wp-content\/uploads\/2026\/04\/IMG_8432-150x150.jpeg\" alt=\"\" width=\"150\" height=\"150\" srcset=\"https:\/\/trendgardens.ee\/wp-content\/uploads\/2026\/04\/IMG_8432-150x150.jpeg 150w, https:\/\/trendgardens.ee\/wp-content\/uploads\/2026\/04\/IMG_8432-300x300.jpeg 300w, https:\/\/trendgardens.ee\/wp-content\/uploads\/2026\/04\/IMG_8432-100x100.jpeg 100w\" sizes=\"auto, (max-width: 150px) 100vw, 150px\" \/><\/a> Posti teritus[\/caption]\n","protected":false},"featured_media":2094,"template":"","meta":[],"product_brand":[],"product_cat":[76],"product_tag":[],"class_list":{"0":"post-2171","1":"product","2":"type-product","3":"status-publish","4":"has-post-thumbnail","6":"product_cat-postid","8":"first","9":"instock","10":"shipping-taxable","11":"product-type-simple"},"_links":{"self":[{"href":"https:\/\/trendgardens.ee\/index.php?rest_route=\/wp\/v2\/product\/2171","targetHints":{"allow":["GET"]}}],"collection":[{"href":"https:\/\/trendgardens.ee\/index.php?rest_route=\/wp\/v2\/product"}],"about":[{"href":"https:\/\/trendgardens.ee\/index.php?rest_route=\/wp\/v2\/types\/product"}],"wp:featuredmedia":[{"embeddable":true,"href":"https:\/\/trendgardens.ee\/index.php?rest_route=\/wp\/v2\/media\/2094"}],"wp:attachment":[{"href":"https:\/\/trendgardens.ee\/index.php?rest_route=%2Fwp%2Fv2%2Fmedia&parent=2171"}],"wp:term":[{"taxonomy":"product_brand","embeddable":true,"href":"https:\/\/trendgardens.ee\/index.php?rest_route=%2Fwp%2Fv2%2Fproduct_brand&post=2171"},{"taxonomy":"product_cat","embeddable":true,"href":"https:\/\/trendgardens.ee\/index.php?rest_route=%2Fwp%2Fv2%2Fproduct_cat&post=2171"},{"taxonomy":"product_tag","embeddable":true,"href":"https:\/\/trendgardens.ee\/index.php?rest_route=%2Fwp%2Fv2%2Fproduct_tag&post=2171"}],"curies":[{"name":"wp","href":"https:\/\/api.w.org\/{rel}","templated":true}]}}