{"id":645,"date":"2017-10-15T16:01:35","date_gmt":"2017-10-15T13:01:35","guid":{"rendered":"https:\/\/trendgardens.ee\/?post_type=product&#038;p=645"},"modified":"2026-04-23T16:24:47","modified_gmt":"2026-04-23T13:24:47","slug":"poosatugi","status":"publish","type":"product","link":"https:\/\/trendgardens.ee\/?product=poosatugi","title":{"rendered":"P\u00f5\u00f5satugi"},"content":{"rendered":"","protected":false},"excerpt":{"rendered":"<p><a href=\"https:\/\/trendgardens.ee\/wp-content\/uploads\/2017\/10\/poosastugi.jpg\"><img loading=\"lazy\" decoding=\"async\" class=\"alignright size-thumbnail wp-image-1544\" src=\"https:\/\/trendgardens.ee\/wp-content\/uploads\/2017\/10\/poosastugi-150x150.jpg\" alt=\"\" width=\"150\" height=\"150\" srcset=\"https:\/\/trendgardens.ee\/wp-content\/uploads\/2017\/10\/poosastugi-150x150.jpg 150w, https:\/\/trendgardens.ee\/wp-content\/uploads\/2017\/10\/poosastugi-300x300.jpg 300w, https:\/\/trendgardens.ee\/wp-content\/uploads\/2017\/10\/poosastugi-100x100.jpg 100w, https:\/\/trendgardens.ee\/wp-content\/uploads\/2017\/10\/poosastugi-90x90.jpg 90w, https:\/\/trendgardens.ee\/wp-content\/uploads\/2017\/10\/poosastugi-500x500.jpg 500w\" sizes=\"auto, (max-width: 150px) 100vw, 150px\" \/><\/a>P\u00f5\u00f5satugi m\u00f5\u00f5tudega 800 x 800 mm. Valikus neljakandliline ja \u00fcmmargusest materjalist. \u00dcmmargusest materjalist musta v\u00e4rvi.<\/p>\n<p>S\u00fcgavimmutatud<\/p>\n[caption id=\"attachment_2062\" align=\"alignright\" width=\"150\"]<a href=\"https:\/\/trendgardens.ee\/wp-content\/uploads\/2026\/04\/Poosatugi_must.jpg\"><img loading=\"lazy\" decoding=\"async\" class=\"size-thumbnail wp-image-2062\" src=\"https:\/\/trendgardens.ee\/wp-content\/uploads\/2026\/04\/Poosatugi_must-150x150.jpg\" alt=\"\" width=\"150\" height=\"150\" srcset=\"https:\/\/trendgardens.ee\/wp-content\/uploads\/2026\/04\/Poosatugi_must-150x150.jpg 150w, https:\/\/trendgardens.ee\/wp-content\/uploads\/2026\/04\/Poosatugi_must-300x300.jpg 300w, https:\/\/trendgardens.ee\/wp-content\/uploads\/2026\/04\/Poosatugi_must-100x100.jpg 100w\" sizes=\"auto, (max-width: 150px) 100vw, 150px\" \/><\/a> Must p\u00f5\u00f5satugi pakendis[\/caption]\n<p><a href=\"https:\/\/trendgardens.ee\/wp-content\/uploads\/2026\/04\/IMG_8450-scaled.jpeg\"><img loading=\"lazy\" decoding=\"async\" class=\"size-thumbnail wp-image-2092 alignright\" src=\"https:\/\/trendgardens.ee\/wp-content\/uploads\/2026\/04\/IMG_8450-150x150.jpeg\" alt=\"Neljakandiline p\u00f5\u00f5satugi\" width=\"150\" height=\"150\" srcset=\"https:\/\/trendgardens.ee\/wp-content\/uploads\/2026\/04\/IMG_8450-150x150.jpeg 150w, https:\/\/trendgardens.ee\/wp-content\/uploads\/2026\/04\/IMG_8450-300x300.jpeg 300w, https:\/\/trendgardens.ee\/wp-content\/uploads\/2026\/04\/IMG_8450-100x100.jpeg 100w\" sizes=\"auto, (max-width: 150px) 100vw, 150px\" \/><\/a><\/p>\n","protected":false},"featured_media":1551,"template":"","meta":[],"product_brand":[],"product_cat":[39],"product_tag":[],"class_list":{"0":"post-645","1":"product","2":"type-product","3":"status-publish","4":"has-post-thumbnail","6":"product_cat-puittooted","7":"product_shipping_class-kuller","9":"first","10":"instock","11":"shipping-taxable","12":"purchasable","13":"product-type-simple"},"_links":{"self":[{"href":"https:\/\/trendgardens.ee\/index.php?rest_route=\/wp\/v2\/product\/645","targetHints":{"allow":["GET"]}}],"collection":[{"href":"https:\/\/trendgardens.ee\/index.php?rest_route=\/wp\/v2\/product"}],"about":[{"href":"https:\/\/trendgardens.ee\/index.php?rest_route=\/wp\/v2\/types\/product"}],"wp:featuredmedia":[{"embeddable":true,"href":"https:\/\/trendgardens.ee\/index.php?rest_route=\/wp\/v2\/media\/1551"}],"wp:attachment":[{"href":"https:\/\/trendgardens.ee\/index.php?rest_route=%2Fwp%2Fv2%2Fmedia&parent=645"}],"wp:term":[{"taxonomy":"product_brand","embeddable":true,"href":"https:\/\/trendgardens.ee\/index.php?rest_route=%2Fwp%2Fv2%2Fproduct_brand&post=645"},{"taxonomy":"product_cat","embeddable":true,"href":"https:\/\/trendgardens.ee\/index.php?rest_route=%2Fwp%2Fv2%2Fproduct_cat&post=645"},{"taxonomy":"product_tag","embeddable":true,"href":"https:\/\/trendgardens.ee\/index.php?rest_route=%2Fwp%2Fv2%2Fproduct_tag&post=645"}],"curies":[{"name":"wp","href":"https:\/\/api.w.org\/{rel}","templated":true}]}}